{"id":4151,"date":"2016-11-11T18:05:08","date_gmt":"2016-11-11T17:05:08","guid":{"rendered":"http:\/\/www.cyber-mecha.com\/blog\/?page_id=4151"},"modified":"2017-03-01T22:43:02","modified_gmt":"2017-03-01T21:43:02","slug":"videotheque","status":"publish","type":"page","link":"https:\/\/www.cyber-mecha.com\/blog\/videotheque\/","title":{"rendered":"Vid\u00e9oth\u00e8que"},"content":{"rendered":"<p><a name=\"top\"><\/a><\/p>\n<h1 style=\"text-align: center;\">Bienvenue dans la vid\u00e9oth\u00e8que<br \/>\ndes cyberm\u00e9chanistes<\/h1>\n<p>Vous trouverez ici un floril\u00e8ge des meilleures vid\u00e9os de plastiqueurs de talent&#8230;<\/p>\n<p>Vous trouverez des <a href=\"#vaisseaux\">vaisseaux<\/a>, du <a href=\"#postapo\">post-apo<\/a> et des <a href=\"#tutos\">tutos<\/a><br \/>\n<a name=\"vaisseaux\"><\/a><\/p>\n<h1>Vaisseaux<\/h1>\n<h3>Des vaisseaux spatiaux \u00e0 tr\u00e8s-bas-co\u00fbt&#8230;<\/h3>\n<p><iframe loading=\"lazy\" title=\"How To: Practical Sci-fi Spaceship Models on a Budget!\" width=\"474\" height=\"267\" src=\"https:\/\/www.youtube.com\/embed\/L5NzxDsWfDY?feature=oembed\" frameborder=\"0\" allow=\"accelerometer; autoplay; clipboard-write; encrypted-media; gyroscope; picture-in-picture; web-share\" referrerpolicy=\"strict-origin-when-cross-origin\" allowfullscreen><\/iframe><\/p>\n<p><iframe loading=\"lazy\" title=\"Sci Fi GR-56 Scratch Built Spacecraft\" width=\"474\" height=\"267\" src=\"https:\/\/www.youtube.com\/embed\/upihvLwKlr0?feature=oembed\" frameborder=\"0\" allow=\"accelerometer; autoplay; clipboard-write; encrypted-media; gyroscope; picture-in-picture; web-share\" referrerpolicy=\"strict-origin-when-cross-origin\" allowfullscreen><\/iframe><\/p>\n<p style=\"text-align: center;\"><a href=\"#top\">haut de page<\/a><a name=\"postapo\"><\/a><\/p>\n<h1>Post-apocalyptique<\/h1>\n<h3>R\u00e9aliser des kits post-apo en scratch<\/h3>\n<p><iframe loading=\"lazy\" title=\"Making the models of Post Apocalypse by Barry Harker\" width=\"474\" height=\"267\" src=\"https:\/\/www.youtube.com\/embed\/RSgfu9WvBRI?feature=oembed\" frameborder=\"0\" allow=\"accelerometer; autoplay; clipboard-write; encrypted-media; gyroscope; picture-in-picture; web-share\" referrerpolicy=\"strict-origin-when-cross-origin\" allowfullscreen><\/iframe><\/p>\n<h3>La Voiture du futur de Patrice Garcia en scratch<\/h3>\n<p><img loading=\"lazy\" decoding=\"async\" class=\"aligncenter wp-image-4180\" src=\"http:\/\/www.cyber-mecha.com\/blog\/wp-content\/uploads\/2016\/11\/Patrice-Garcia-Future-Car.jpg\" alt=\"patrice-garcia-future-car\" width=\"472\" height=\"241\" srcset=\"https:\/\/www.cyber-mecha.com\/blog\/wp-content\/uploads\/2016\/11\/Patrice-Garcia-Future-Car.jpg 736w, https:\/\/www.cyber-mecha.com\/blog\/wp-content\/uploads\/2016\/11\/Patrice-Garcia-Future-Car-300x153.jpg 300w\" sizes=\"auto, (max-width: 472px) 100vw, 472px\" \/><\/p>\n<p><iframe loading=\"lazy\" title=\"FUTURE CAR scratch built model by Paul Francis\" width=\"474\" height=\"356\" src=\"https:\/\/www.youtube.com\/embed\/2PvQ1Rqe7Mc?feature=oembed\" frameborder=\"0\" allow=\"accelerometer; autoplay; clipboard-write; encrypted-media; gyroscope; picture-in-picture; web-share\" referrerpolicy=\"strict-origin-when-cross-origin\" allowfullscreen><\/iframe><\/p>\n<h3>Une Camaro post-apo inspir\u00e9e de la s\u00e9rie TV Defiance<\/h3>\n<p><iframe loading=\"lazy\" title=\"Workbench Timelapse - Post-Apocalyptic Camaro\" width=\"474\" height=\"267\" src=\"https:\/\/www.youtube.com\/embed\/j1pUh18p05g?feature=oembed\" frameborder=\"0\" allow=\"accelerometer; autoplay; clipboard-write; encrypted-media; gyroscope; picture-in-picture; web-share\" referrerpolicy=\"strict-origin-when-cross-origin\" allowfullscreen><\/iframe><\/p>\n<h3>Une moto post-apo en scratch<\/h3>\n<p><iframe loading=\"lazy\" title=\"Sci Fi Model Making\" width=\"474\" height=\"267\" src=\"https:\/\/www.youtube.com\/embed\/B6F7y6uN6Nw?feature=oembed\" frameborder=\"0\" allow=\"accelerometer; autoplay; clipboard-write; encrypted-media; gyroscope; picture-in-picture; web-share\" referrerpolicy=\"strict-origin-when-cross-origin\" allowfullscreen><\/iframe><\/p>\n<h3 class=\"watch-title-container\"><span id=\"eow-title\" class=\"watch-title\" dir=\"ltr\" title=\"Schwebepanzer.Hover tank 1\/35 scale model\">Schwebepanzer Hover tank 1\/35 scale model <\/span><\/h3>\n<p><iframe loading=\"lazy\" title=\"Schwebepanzer.Hover tank 1\/35 scale model\" width=\"474\" height=\"267\" src=\"https:\/\/www.youtube.com\/embed\/C6n0NAsE8q0?feature=oembed\" frameborder=\"0\" allow=\"accelerometer; autoplay; clipboard-write; encrypted-media; gyroscope; picture-in-picture; web-share\" referrerpolicy=\"strict-origin-when-cross-origin\" allowfullscreen><\/iframe><\/p>\n<p style=\"text-align: center;\"><a href=\"#top\">haut de page<\/a><a name=\"tutos\"><\/a><\/p>\n<h1>Tutoriels<\/h1>\n<h3>Outillage de base du maquettiste<\/h3>\n<p><iframe loading=\"lazy\" title=\"Outils de base pour monter vos maquettes\" width=\"474\" height=\"267\" src=\"https:\/\/www.youtube.com\/embed\/CHnlbKnfAHI?feature=oembed\" frameborder=\"0\" allow=\"accelerometer; autoplay; clipboard-write; encrypted-media; gyroscope; picture-in-picture; web-share\" referrerpolicy=\"strict-origin-when-cross-origin\" allowfullscreen><\/iframe><\/p>\n<p><iframe loading=\"lazy\" title=\"maquette : le materiel de base\" width=\"474\" height=\"356\" src=\"https:\/\/www.youtube.com\/embed\/67iJdkqY5eA?feature=oembed\" frameborder=\"0\" allow=\"accelerometer; autoplay; clipboard-write; encrypted-media; gyroscope; picture-in-picture; web-share\" referrerpolicy=\"strict-origin-when-cross-origin\" allowfullscreen><\/iframe><\/p>\n<p>&nbsp;<\/p>\n<h3>Travail de la carte plastique, les bases<\/h3>\n<p><iframe loading=\"lazy\" title=\"Tutorial: The Basics of Working With Styrene\" width=\"474\" height=\"267\" src=\"https:\/\/www.youtube.com\/embed\/p3gabIJ3Ono?feature=oembed\" frameborder=\"0\" allow=\"accelerometer; autoplay; clipboard-write; encrypted-media; gyroscope; picture-in-picture; web-share\" referrerpolicy=\"strict-origin-when-cross-origin\" allowfullscreen><\/iframe><\/p>\n<p><iframe loading=\"lazy\" title=\"How to Work With Styrene (Part 1 of 2)\" width=\"474\" height=\"267\" src=\"https:\/\/www.youtube.com\/embed\/uJQ71o1qqWw?feature=oembed\" frameborder=\"0\" allow=\"accelerometer; autoplay; clipboard-write; encrypted-media; gyroscope; picture-in-picture; web-share\" referrerpolicy=\"strict-origin-when-cross-origin\" allowfullscreen><\/iframe><\/p>\n<p><iframe loading=\"lazy\" title=\"How to Work With Styrene (Part 2 of 2)\" width=\"474\" height=\"267\" src=\"https:\/\/www.youtube.com\/embed\/3-EDpxj8ZHo?feature=oembed\" frameborder=\"0\" allow=\"accelerometer; autoplay; clipboard-write; encrypted-media; gyroscope; picture-in-picture; web-share\" referrerpolicy=\"strict-origin-when-cross-origin\" allowfullscreen><\/iframe><\/p>\n<h3>couper des cercles et des carr\u00e9s<\/h3>\n<p><iframe loading=\"lazy\" title=\"Basic Scratchbuilding (Circles and Squares)\" width=\"474\" height=\"267\" src=\"https:\/\/www.youtube.com\/embed\/3X6B5W2i4_E?feature=oembed\" frameborder=\"0\" allow=\"accelerometer; autoplay; clipboard-write; encrypted-media; gyroscope; picture-in-picture; web-share\" referrerpolicy=\"strict-origin-when-cross-origin\" allowfullscreen><\/iframe><\/p>\n<p><iframe loading=\"lazy\" title=\"Basic Scratchbuilding (Circles and Squares)\" width=\"474\" height=\"267\" src=\"https:\/\/www.youtube.com\/embed\/3X6B5W2i4_E?feature=oembed\" frameborder=\"0\" allow=\"accelerometer; autoplay; clipboard-write; encrypted-media; gyroscope; picture-in-picture; web-share\" referrerpolicy=\"strict-origin-when-cross-origin\" allowfullscreen><\/iframe><\/p>\n<p><iframe loading=\"lazy\" title=\"Scratch Built Styrene Model Tool - Like having Eight Hands!\" width=\"474\" height=\"267\" src=\"https:\/\/www.youtube.com\/embed\/bG8saJ_GZpQ?feature=oembed\" frameborder=\"0\" allow=\"accelerometer; autoplay; clipboard-write; encrypted-media; gyroscope; picture-in-picture; web-share\" referrerpolicy=\"strict-origin-when-cross-origin\" allowfullscreen><\/iframe><\/p>\n<h3>Pour peindre<\/h3>\n<p><iframe loading=\"lazy\" title=\"Let&#039;s talk ! #1 A\u00e9rographe : tout savoir sur le compresseur\" width=\"474\" height=\"267\" src=\"https:\/\/www.youtube.com\/embed\/eGRcwmjaF5w?feature=oembed\" frameborder=\"0\" allow=\"accelerometer; autoplay; clipboard-write; encrypted-media; gyroscope; picture-in-picture; web-share\" referrerpolicy=\"strict-origin-when-cross-origin\" allowfullscreen><\/iframe><\/p>\n<p><iframe loading=\"lazy\" title=\"comment debuter \u00e0 l&#039;aerographe \/ How to airbrush for beginners\" width=\"474\" height=\"267\" src=\"https:\/\/www.youtube.com\/embed\/3Kiw7fzTfOw?feature=oembed\" frameborder=\"0\" allow=\"accelerometer; autoplay; clipboard-write; encrypted-media; gyroscope; picture-in-picture; web-share\" referrerpolicy=\"strict-origin-when-cross-origin\" allowfullscreen><\/iframe><\/p>\n<p><iframe loading=\"lazy\" title=\"La mise en peinture \u00e0 l&#039;a\u00e9rographe, partie 1, le mat\u00e9riel [tuto]\" width=\"474\" height=\"267\" src=\"https:\/\/www.youtube.com\/embed\/XoT-5nt8ALg?feature=oembed\" frameborder=\"0\" allow=\"accelerometer; autoplay; clipboard-write; encrypted-media; gyroscope; picture-in-picture; web-share\" referrerpolicy=\"strict-origin-when-cross-origin\" allowfullscreen><\/iframe><\/p>\n<p><iframe loading=\"lazy\" title=\"La mise en peinture \u00e0 l&#039;a\u00e9rographe, partie 2, les consommables [tuto]\" width=\"474\" height=\"267\" src=\"https:\/\/www.youtube.com\/embed\/PWgZ228Hnow?feature=oembed\" frameborder=\"0\" allow=\"accelerometer; autoplay; clipboard-write; encrypted-media; gyroscope; picture-in-picture; web-share\" referrerpolicy=\"strict-origin-when-cross-origin\" allowfullscreen><\/iframe><\/p>\n<p><iframe loading=\"lazy\" title=\"La mise en peinture \u00e0 l&#039;a\u00e9rographe : partie 3, la dilution. [tuto]\" width=\"474\" height=\"267\" src=\"https:\/\/www.youtube.com\/embed\/BkXwiKZ5zzk?feature=oembed\" frameborder=\"0\" allow=\"accelerometer; autoplay; clipboard-write; encrypted-media; gyroscope; picture-in-picture; web-share\" referrerpolicy=\"strict-origin-when-cross-origin\" allowfullscreen><\/iframe><\/p>\n<p><iframe loading=\"lazy\" title=\"La mise en peinture \u00e0 l&#039;a\u00e9rographe : partie 4, le m\u00e9lange des teintes. [tuto]\" width=\"474\" height=\"267\" src=\"https:\/\/www.youtube.com\/embed\/yrpEn0nDaWs?feature=oembed\" frameborder=\"0\" allow=\"accelerometer; autoplay; clipboard-write; encrypted-media; gyroscope; picture-in-picture; web-share\" referrerpolicy=\"strict-origin-when-cross-origin\" allowfullscreen><\/iframe><\/p>\n<p><iframe loading=\"lazy\" title=\"[Tuto Gunpla] 4. la sous-couche en bombe et \u00e0 l&#039;a\u00e9rographe\" width=\"474\" height=\"267\" src=\"https:\/\/www.youtube.com\/embed\/VPPhPOo9NzM?feature=oembed\" frameborder=\"0\" allow=\"accelerometer; autoplay; clipboard-write; encrypted-media; gyroscope; picture-in-picture; web-share\" referrerpolicy=\"strict-origin-when-cross-origin\" allowfullscreen><\/iframe><\/p>\n<p><iframe loading=\"lazy\" title=\"[Tuto Gunpla] 5. Frame et drybrush metallis\u00e9\" width=\"474\" height=\"267\" src=\"https:\/\/www.youtube.com\/embed\/7wa-lkAQjcc?feature=oembed\" frameborder=\"0\" allow=\"accelerometer; autoplay; clipboard-write; encrypted-media; gyroscope; picture-in-picture; web-share\" referrerpolicy=\"strict-origin-when-cross-origin\" allowfullscreen><\/iframe><\/p>\n<p>&nbsp;<\/p>\n<p><a href=\"#top\">haut de page<\/a><\/p>\n<h3>cr\u00e9er des verrins<\/h3>\n<p>\u00e7a peut toujours servir dans nos r\u00e9as de robots et m\u00e9canismes divers&#8230;<br \/>\n<iframe loading=\"lazy\" title=\"Scratchbuilding a Scale Hydraulic Cylinder\" width=\"474\" height=\"356\" src=\"https:\/\/www.youtube.com\/embed\/R9UC9n1WVws?feature=oembed\" frameborder=\"0\" allow=\"accelerometer; autoplay; clipboard-write; encrypted-media; gyroscope; picture-in-picture; web-share\" referrerpolicy=\"strict-origin-when-cross-origin\" allowfullscreen><\/iframe><\/p>\n<p style=\"text-align: center;\"><a href=\"#top\">haut de page<\/a><\/p>\n<h3>utiliser la grappe \u00e9tir\u00e9e<\/h3>\n<p><iframe loading=\"lazy\" title=\"How to Stretch Sprue for Detailing Models\" width=\"474\" height=\"267\" src=\"https:\/\/www.youtube.com\/embed\/UJ6I0lqw2qY?feature=oembed\" frameborder=\"0\" allow=\"accelerometer; autoplay; clipboard-write; encrypted-media; gyroscope; picture-in-picture; web-share\" referrerpolicy=\"strict-origin-when-cross-origin\" allowfullscreen><\/iframe><\/p>\n<p style=\"text-align: center;\"><a href=\"#top\">haut de page<\/a><\/p>\n<div class='watch-action'><div class='watch-position align-right'><div class='action-like'><a class='lbg-style1 like-4151 jlk' href='javascript:void(0)' data-task='like' data-post_id='4151' data-nonce='308db51274' rel='nofollow'><img class='wti-pixel' src='https:\/\/www.cyber-mecha.com\/blog\/wp-content\/plugins\/wti-like-post\/images\/pixel.gif' title='article int\u00e9ressant' \/><span class='lc-4151 lc'>+1<\/span><\/a><\/div><div class='action-unlike'><a class='unlbg-style1 unlike-4151 jlk' href='javascript:void(0)' data-task='unlike' data-post_id='4151' data-nonce='308db51274' rel='nofollow'><img class='wti-pixel' src='https:\/\/www.cyber-mecha.com\/blog\/wp-content\/plugins\/wti-like-post\/images\/pixel.gif' title=' Sans int\u00e9r\u00eat' \/><span class='unlc-4151 unlc'>0<\/span><\/a><\/div> <\/div> <div class='status-4151 status align-right'><\/div><\/div><div class='wti-clear'><\/div>","protected":false},"excerpt":{"rendered":"<p>Bienvenue dans la vid\u00e9oth\u00e8que des cyberm\u00e9chanistes Vous trouverez ici un floril\u00e8ge des meilleures vid\u00e9os de plastiqueurs de talent&#8230; Vous trouverez des vaisseaux, du post-apo et des tutos Vaisseaux Des vaisseaux spatiaux \u00e0 tr\u00e8s-bas-co\u00fbt&#8230; haut de page Post-apocalyptique R\u00e9aliser des kits post-apo en scratch La Voiture du futur de Patrice Garcia en scratch Une Camaro post-apo &hellip; <a href=\"https:\/\/www.cyber-mecha.com\/blog\/videotheque\/\" class=\"more-link\">Continuer la lecture de <span class=\"screen-reader-text\">Vid\u00e9oth\u00e8que<\/span>  <span class=\"meta-nav\">&rarr;<\/span><\/a><\/p>\n","protected":false},"author":1,"featured_media":4152,"parent":0,"menu_order":0,"comment_status":"closed","ping_status":"closed","template":"","meta":{"footnotes":""},"class_list":["post-4151","page","type-page","status-publish","has-post-thumbnail","hentry"],"yoast_head":"<!-- This site is optimized with the Yoast SEO plugin v24.6 - https:\/\/yoast.com\/wordpress\/plugins\/seo\/ -->\n<title>Vid\u00e9oth\u00e8que - Cyber-Mecha<\/title>\n<meta name=\"robots\" content=\"index, follow, max-snippet:-1, max-image-preview:large, max-video-preview:-1\" \/>\n<link rel=\"canonical\" href=\"https:\/\/www.cyber-mecha.com\/blog\/videotheque\/\" \/>\n<meta property=\"og:locale\" content=\"fr_FR\" \/>\n<meta property=\"og:type\" content=\"article\" \/>\n<meta property=\"og:title\" content=\"Vid\u00e9oth\u00e8que - Cyber-Mecha\" \/>\n<meta property=\"og:description\" content=\"Bienvenue dans la vid\u00e9oth\u00e8que des cyberm\u00e9chanistes Vous trouverez ici un floril\u00e8ge des meilleures vid\u00e9os de plastiqueurs de talent&#8230; Vous trouverez des vaisseaux, du post-apo et des tutos Vaisseaux Des vaisseaux spatiaux \u00e0 tr\u00e8s-bas-co\u00fbt&#8230; haut de page Post-apocalyptique R\u00e9aliser des kits post-apo en scratch La Voiture du futur de Patrice Garcia en scratch Une Camaro post-apo &hellip; Continuer la lecture de Vid\u00e9oth\u00e8que &rarr;\" \/>\n<meta property=\"og:url\" content=\"https:\/\/www.cyber-mecha.com\/blog\/videotheque\/\" \/>\n<meta property=\"og:site_name\" content=\"Cyber-Mecha\" \/>\n<meta property=\"article:publisher\" content=\"https:\/\/www.facebook.com\/forumCyberMecha\" \/>\n<meta property=\"article:modified_time\" content=\"2017-03-01T21:43:02+00:00\" \/>\n<meta property=\"og:image\" content=\"https:\/\/www.cyber-mecha.com\/blog\/wp-content\/uploads\/2016\/11\/video.jpg\" \/>\n\t<meta property=\"og:image:width\" content=\"800\" \/>\n\t<meta property=\"og:image:height\" content=\"450\" \/>\n\t<meta property=\"og:image:type\" content=\"image\/jpeg\" \/>\n<meta name=\"twitter:card\" content=\"summary_large_image\" \/>\n<meta name=\"twitter:label1\" content=\"Dur\u00e9e de lecture estim\u00e9e\" \/>\n\t<meta name=\"twitter:data1\" content=\"1 minute\" \/>\n<script type=\"application\/ld+json\" class=\"yoast-schema-graph\">{\"@context\":\"https:\/\/schema.org\",\"@graph\":[{\"@type\":\"WebPage\",\"@id\":\"https:\/\/www.cyber-mecha.com\/blog\/videotheque\/\",\"url\":\"https:\/\/www.cyber-mecha.com\/blog\/videotheque\/\",\"name\":\"Vid\u00e9oth\u00e8que - Cyber-Mecha\",\"isPartOf\":{\"@id\":\"http:\/\/www.cyber-mecha.com\/blog\/#website\"},\"primaryImageOfPage\":{\"@id\":\"https:\/\/www.cyber-mecha.com\/blog\/videotheque\/#primaryimage\"},\"image\":{\"@id\":\"https:\/\/www.cyber-mecha.com\/blog\/videotheque\/#primaryimage\"},\"thumbnailUrl\":\"https:\/\/www.cyber-mecha.com\/blog\/wp-content\/uploads\/2016\/11\/video.jpg\",\"datePublished\":\"2016-11-11T17:05:08+00:00\",\"dateModified\":\"2017-03-01T21:43:02+00:00\",\"breadcrumb\":{\"@id\":\"https:\/\/www.cyber-mecha.com\/blog\/videotheque\/#breadcrumb\"},\"inLanguage\":\"fr-FR\",\"potentialAction\":[{\"@type\":\"ReadAction\",\"target\":[\"https:\/\/www.cyber-mecha.com\/blog\/videotheque\/\"]}]},{\"@type\":\"ImageObject\",\"inLanguage\":\"fr-FR\",\"@id\":\"https:\/\/www.cyber-mecha.com\/blog\/videotheque\/#primaryimage\",\"url\":\"https:\/\/www.cyber-mecha.com\/blog\/wp-content\/uploads\/2016\/11\/video.jpg\",\"contentUrl\":\"https:\/\/www.cyber-mecha.com\/blog\/wp-content\/uploads\/2016\/11\/video.jpg\",\"width\":800,\"height\":450},{\"@type\":\"BreadcrumbList\",\"@id\":\"https:\/\/www.cyber-mecha.com\/blog\/videotheque\/#breadcrumb\",\"itemListElement\":[{\"@type\":\"ListItem\",\"position\":1,\"name\":\"Accueil\",\"item\":\"http:\/\/www.cyber-mecha.com\/blog\/\"},{\"@type\":\"ListItem\",\"position\":2,\"name\":\"Vid\u00e9oth\u00e8que\"}]},{\"@type\":\"WebSite\",\"@id\":\"http:\/\/www.cyber-mecha.com\/blog\/#website\",\"url\":\"http:\/\/www.cyber-mecha.com\/blog\/\",\"name\":\"Cyber-Mecha\",\"description\":\"maquettes &amp; science-fiction\",\"publisher\":{\"@id\":\"http:\/\/www.cyber-mecha.com\/blog\/#organization\"},\"potentialAction\":[{\"@type\":\"SearchAction\",\"target\":{\"@type\":\"EntryPoint\",\"urlTemplate\":\"http:\/\/www.cyber-mecha.com\/blog\/?s={search_term_string}\"},\"query-input\":{\"@type\":\"PropertyValueSpecification\",\"valueRequired\":true,\"valueName\":\"search_term_string\"}}],\"inLanguage\":\"fr-FR\"},{\"@type\":\"Organization\",\"@id\":\"http:\/\/www.cyber-mecha.com\/blog\/#organization\",\"name\":\"Cyber-Mecha\",\"url\":\"http:\/\/www.cyber-mecha.com\/blog\/\",\"logo\":{\"@type\":\"ImageObject\",\"inLanguage\":\"fr-FR\",\"@id\":\"http:\/\/www.cyber-mecha.com\/blog\/#\/schema\/logo\/image\/\",\"url\":\"https:\/\/www.cyber-mecha.com\/blog\/wp-content\/uploads\/2022\/08\/cropped-banner-multivers-1.png\",\"contentUrl\":\"https:\/\/www.cyber-mecha.com\/blog\/wp-content\/uploads\/2022\/08\/cropped-banner-multivers-1.png\",\"width\":1260,\"height\":239,\"caption\":\"Cyber-Mecha\"},\"image\":{\"@id\":\"http:\/\/www.cyber-mecha.com\/blog\/#\/schema\/logo\/image\/\"},\"sameAs\":[\"https:\/\/www.facebook.com\/forumCyberMecha\",\"https:\/\/www.facebook.com\/groups\/neocybermecha\",\"https:\/\/www.instagram.com\/cybermecha\/\"]}]}<\/script>\n<!-- \/ Yoast SEO plugin. -->","yoast_head_json":{"title":"Vid\u00e9oth\u00e8que - Cyber-Mecha","robots":{"index":"index","follow":"follow","max-snippet":"max-snippet:-1","max-image-preview":"max-image-preview:large","max-video-preview":"max-video-preview:-1"},"canonical":"https:\/\/www.cyber-mecha.com\/blog\/videotheque\/","og_locale":"fr_FR","og_type":"article","og_title":"Vid\u00e9oth\u00e8que - Cyber-Mecha","og_description":"Bienvenue dans la vid\u00e9oth\u00e8que des cyberm\u00e9chanistes Vous trouverez ici un floril\u00e8ge des meilleures vid\u00e9os de plastiqueurs de talent&#8230; Vous trouverez des vaisseaux, du post-apo et des tutos Vaisseaux Des vaisseaux spatiaux \u00e0 tr\u00e8s-bas-co\u00fbt&#8230; haut de page Post-apocalyptique R\u00e9aliser des kits post-apo en scratch La Voiture du futur de Patrice Garcia en scratch Une Camaro post-apo &hellip; Continuer la lecture de Vid\u00e9oth\u00e8que &rarr;","og_url":"https:\/\/www.cyber-mecha.com\/blog\/videotheque\/","og_site_name":"Cyber-Mecha","article_publisher":"https:\/\/www.facebook.com\/forumCyberMecha","article_modified_time":"2017-03-01T21:43:02+00:00","og_image":[{"width":800,"height":450,"url":"https:\/\/www.cyber-mecha.com\/blog\/wp-content\/uploads\/2016\/11\/video.jpg","type":"image\/jpeg"}],"twitter_card":"summary_large_image","twitter_misc":{"Dur\u00e9e de lecture estim\u00e9e":"1 minute"},"schema":{"@context":"https:\/\/schema.org","@graph":[{"@type":"WebPage","@id":"https:\/\/www.cyber-mecha.com\/blog\/videotheque\/","url":"https:\/\/www.cyber-mecha.com\/blog\/videotheque\/","name":"Vid\u00e9oth\u00e8que - Cyber-Mecha","isPartOf":{"@id":"http:\/\/www.cyber-mecha.com\/blog\/#website"},"primaryImageOfPage":{"@id":"https:\/\/www.cyber-mecha.com\/blog\/videotheque\/#primaryimage"},"image":{"@id":"https:\/\/www.cyber-mecha.com\/blog\/videotheque\/#primaryimage"},"thumbnailUrl":"https:\/\/www.cyber-mecha.com\/blog\/wp-content\/uploads\/2016\/11\/video.jpg","datePublished":"2016-11-11T17:05:08+00:00","dateModified":"2017-03-01T21:43:02+00:00","breadcrumb":{"@id":"https:\/\/www.cyber-mecha.com\/blog\/videotheque\/#breadcrumb"},"inLanguage":"fr-FR","potentialAction":[{"@type":"ReadAction","target":["https:\/\/www.cyber-mecha.com\/blog\/videotheque\/"]}]},{"@type":"ImageObject","inLanguage":"fr-FR","@id":"https:\/\/www.cyber-mecha.com\/blog\/videotheque\/#primaryimage","url":"https:\/\/www.cyber-mecha.com\/blog\/wp-content\/uploads\/2016\/11\/video.jpg","contentUrl":"https:\/\/www.cyber-mecha.com\/blog\/wp-content\/uploads\/2016\/11\/video.jpg","width":800,"height":450},{"@type":"BreadcrumbList","@id":"https:\/\/www.cyber-mecha.com\/blog\/videotheque\/#breadcrumb","itemListElement":[{"@type":"ListItem","position":1,"name":"Accueil","item":"http:\/\/www.cyber-mecha.com\/blog\/"},{"@type":"ListItem","position":2,"name":"Vid\u00e9oth\u00e8que"}]},{"@type":"WebSite","@id":"http:\/\/www.cyber-mecha.com\/blog\/#website","url":"http:\/\/www.cyber-mecha.com\/blog\/","name":"Cyber-Mecha","description":"maquettes &amp; science-fiction","publisher":{"@id":"http:\/\/www.cyber-mecha.com\/blog\/#organization"},"potentialAction":[{"@type":"SearchAction","target":{"@type":"EntryPoint","urlTemplate":"http:\/\/www.cyber-mecha.com\/blog\/?s={search_term_string}"},"query-input":{"@type":"PropertyValueSpecification","valueRequired":true,"valueName":"search_term_string"}}],"inLanguage":"fr-FR"},{"@type":"Organization","@id":"http:\/\/www.cyber-mecha.com\/blog\/#organization","name":"Cyber-Mecha","url":"http:\/\/www.cyber-mecha.com\/blog\/","logo":{"@type":"ImageObject","inLanguage":"fr-FR","@id":"http:\/\/www.cyber-mecha.com\/blog\/#\/schema\/logo\/image\/","url":"https:\/\/www.cyber-mecha.com\/blog\/wp-content\/uploads\/2022\/08\/cropped-banner-multivers-1.png","contentUrl":"https:\/\/www.cyber-mecha.com\/blog\/wp-content\/uploads\/2022\/08\/cropped-banner-multivers-1.png","width":1260,"height":239,"caption":"Cyber-Mecha"},"image":{"@id":"http:\/\/www.cyber-mecha.com\/blog\/#\/schema\/logo\/image\/"},"sameAs":["https:\/\/www.facebook.com\/forumCyberMecha","https:\/\/www.facebook.com\/groups\/neocybermecha","https:\/\/www.instagram.com\/cybermecha\/"]}]}},"post_mailing_queue_ids":[],"_links":{"self":[{"href":"https:\/\/www.cyber-mecha.com\/blog\/wp-json\/wp\/v2\/pages\/4151","targetHints":{"allow":["GET"]}}],"collection":[{"href":"https:\/\/www.cyber-mecha.com\/blog\/wp-json\/wp\/v2\/pages"}],"about":[{"href":"https:\/\/www.cyber-mecha.com\/blog\/wp-json\/wp\/v2\/types\/page"}],"author":[{"embeddable":true,"href":"https:\/\/www.cyber-mecha.com\/blog\/wp-json\/wp\/v2\/users\/1"}],"replies":[{"embeddable":true,"href":"https:\/\/www.cyber-mecha.com\/blog\/wp-json\/wp\/v2\/comments?post=4151"}],"version-history":[{"count":18,"href":"https:\/\/www.cyber-mecha.com\/blog\/wp-json\/wp\/v2\/pages\/4151\/revisions"}],"predecessor-version":[{"id":5339,"href":"https:\/\/www.cyber-mecha.com\/blog\/wp-json\/wp\/v2\/pages\/4151\/revisions\/5339"}],"wp:featuredmedia":[{"embeddable":true,"href":"https:\/\/www.cyber-mecha.com\/blog\/wp-json\/wp\/v2\/media\/4152"}],"wp:attachment":[{"href":"https:\/\/www.cyber-mecha.com\/blog\/wp-json\/wp\/v2\/media?parent=4151"}],"curies":[{"name":"wp","href":"https:\/\/api.w.org\/{rel}","templated":true}]}}